{"id":193,"date":"2019-06-08T10:08:44","date_gmt":"2019-06-08T10:08:44","guid":{"rendered":"http:\/\/localhost:8888\/elnor\/about\/"},"modified":"2021-06-10T20:38:14","modified_gmt":"2021-06-10T20:38:14","slug":"about","status":"publish","type":"page","link":"https:\/\/elnorswiss.ch\/de\/about\/","title":{"rendered":"\u00dcber uns"},"content":{"rendered":"\n<div class=\"wp-block-group\"><div class=\"wp-block-group__inner-container\">\n<div class=\"wp-block-columns\">\n<div class=\"wp-block-column gsap-timeline\" style=\"flex-basis:50%\">\n<p>Wie jedes andere Familienunternehmen auf der Welt haben wir eine \u00e4hnliche Entwicklungsgeschichte, die von drei Generationen von Holzbearbeitungsmeistern geerbt wurde. Alles begann 1918 als Familientradition und wurde von unserem Vater bis 1986 fortgesetzt, wo wir unsere erste Firma &#8222;Ukaj Company&#8220; registrierten.<\/p>\n\n\n\n<p>&#8222;Ukaj Company&#8220; wurde 1986 mit einer langen Tradition gegr\u00fcndet, in der T\u00fcren unser Hauptprodukt waren.<\/p>\n\n\n\n<p>Unsere Vision von Anfang an war es, das Unternehmen zu einem Industriehersteller mit internationalen Standards zu entwickeln. Die Mission bestand darin, zun\u00e4chst die Anforderungen des lokalen Marktes zu erf\u00fcllen, indem Produkte mit der bestm\u00f6glichen Qualit\u00e4t hergestellt und neue und funktionale Produkte aus Holz hergestellt wurden.<\/p>\n<\/div>\n\n\n\n<div class=\"wp-block-column about-image-holder gsap-timeline\" style=\"flex-basis:50%\">\n<div class=\"wp-block-image\"><figure class=\"aligncenter size-large\"><img loading=\"lazy\" width=\"600\" height=\"424\" src=\"https:\/\/elnor-swiss.ch\/genti\/wp-content\/uploads\/2021\/05\/Foto-Ukaj-min.jpeg\" alt=\"\" class=\"wp-image-960\" srcset=\"https:\/\/elnorswiss.ch\/wp-content\/uploads\/2021\/05\/Foto-Ukaj-min.jpeg 600w, https:\/\/elnorswiss.ch\/wp-content\/uploads\/2021\/05\/Foto-Ukaj-min-300x212.jpeg 300w, https:\/\/elnorswiss.ch\/wp-content\/uploads\/2021\/05\/Foto-Ukaj-min-556x393.jpeg 556w, https:\/\/elnorswiss.ch\/wp-content\/uploads\/2021\/05\/Foto-Ukaj-min-325x230.jpeg 325w\" sizes=\"(max-width: 600px) 100vw, 600px\" \/><\/figure><\/div>\n<\/div>\n<\/div>\n<\/div><\/div>\n\n\n\n<div class=\"wp-block-columns about-reverse\">\n<div class=\"wp-block-column about-image-holder about-image-left gsap-timeline\" style=\"flex-basis:45%\">\n<figure class=\"wp-block-image size-large\"><img loading=\"lazy\" width=\"768\" height=\"1024\" src=\"https:\/\/elnor-swiss.ch\/genti\/wp-content\/uploads\/2021\/05\/Faqe-3-min-768x1024.jpeg\" alt=\"\" class=\"wp-image-962\" srcset=\"https:\/\/elnorswiss.ch\/wp-content\/uploads\/2021\/05\/Faqe-3-min-768x1024.jpeg 768w, https:\/\/elnorswiss.ch\/wp-content\/uploads\/2021\/05\/Faqe-3-min-225x300.jpeg 225w, https:\/\/elnorswiss.ch\/wp-content\/uploads\/2021\/05\/Faqe-3-min-1152x1536.jpeg 1152w, https:\/\/elnorswiss.ch\/wp-content\/uploads\/2021\/05\/Faqe-3-min-435x580.jpeg 435w, https:\/\/elnorswiss.ch\/wp-content\/uploads\/2021\/05\/Faqe-3-min-248x330.jpeg 248w, https:\/\/elnorswiss.ch\/wp-content\/uploads\/2021\/05\/Faqe-3-min.jpeg 1200w\" sizes=\"(max-width: 768px) 100vw, 768px\" \/><\/figure>\n<\/div>\n\n\n\n<div class=\"wp-block-column gsap-timeline\" style=\"flex-basis:55%\">\n<p>Unser Engagement und unsere Tradition haben voll und ganz dazu beigetragen, in relativ kurzer Zeit den gew\u00fcnschten Erfolg zu erzielen. Die Nachkriegszeit brachte eine rasche Entwicklung in den Kosovo, da 65% der Wohnungen und H\u00e4user niedergebrannt wurden. Die Nachfrage nach unseren Produkten war sehr hoch und wuchs von Tag zu Tag. Nach den erfolgreichen Schritten der &#8222;Ukaj Company&#8220; bei der Innovation und Herstellung von T\u00fcren und anderen hochwertigen Holzprodukten haben wir 2007 ein weiteres Unternehmen namens Elnor Furniture in Prishtina gegr\u00fcndet. In der neuen Fabrik wurden Tische, St\u00fchle, K\u00fcchen, Schlafzimmer und Holzinnenr\u00e4ume weiter hergestellt.<\/p>\n\n\n\n<p>Angesichts der Exportanforderungen insbesondere in europ\u00e4ischen L\u00e4ndern ab 2010 er\u00f6ffnen wir in Z\u00fcrich, Schweiz, eine weitere Repr\u00e4sentanz mit dem Namen ELNOR Swiss.<\/p>\n\n\n\n<p>Jetzt ist unsere Gruppe aus &#8222;Ukaj Company&#8220;, &#8222;Elnor Furniture&#8220; und &#8222;Elnor Swiss&#8220; zusammengeschlossen. Unsere Produktionsanlagen bestehen aus 13.000 m2 an zwei Standorten mit hoher Produktionskapazit\u00e4t und modernster Holzverarbeitungstechnologie Wir bieten unseren Kunden elegante Qualit\u00e4t und sehr stilvolle Produkte. 45% unserer Produktionslinie wird exportiert und wir exportieren in L\u00e4nder wie die Schweiz, Deutschland, Finnland, Irland, D\u00e4nemark und Luxemburg, Slowenien.<\/p>\n<\/div>\n<\/div>\n\n\n\n<div class=\"wp-block-columns\">\n<div class=\"wp-block-column gsap-timeline\" style=\"flex-basis:50%\">\n<p><strong><strong>Unternehmensmission<\/strong><\/strong><\/p>\n\n\n\n<p>Unsere Mission ist es, uns auf die Anforderungen und Bed\u00fcrfnisse unserer Kunden zu konzentrieren, indem wir ihnen h\u00f6chste Qualit\u00e4t und Service bieten. Die Mischung aus Fachwissen, Innovation und Investitionen in Technologie sind die Hauptst\u00e4rken unserer Unternehmen.<\/p>\n\n\n\n<p><strong><strong>Unternehmensvision<\/strong><\/strong><\/p>\n\n\n\n<p>Die Elnor-Gruppe m\u00f6chte durch hoch motivierte F\u00fchrung und Management das f\u00fchrende Unternehmen in der Holzproduktions- und Holzverarbeitungsindustrie sein.<\/p>\n<\/div>\n\n\n\n<div class=\"wp-block-column about-image-holder gsap-timeline\" style=\"flex-basis:50%\">\n<figure class=\"wp-block-image size-large\"><img loading=\"lazy\" width=\"1024\" height=\"574\" src=\"http:\/\/localhost:8888\/elnor\/wp-content\/uploads\/2021\/04\/main-one-1024x574.jpeg\" alt=\"\" class=\"wp-image-232\" srcset=\"https:\/\/elnorswiss.ch\/wp-content\/uploads\/2021\/04\/main-one-1024x574.jpeg 1024w, https:\/\/elnorswiss.ch\/wp-content\/uploads\/2021\/04\/main-one-300x168.jpeg 300w, https:\/\/elnorswiss.ch\/wp-content\/uploads\/2021\/04\/main-one-768x431.jpeg 768w, https:\/\/elnorswiss.ch\/wp-content\/uploads\/2021\/04\/main-one-1536x861.jpeg 1536w, https:\/\/elnorswiss.ch\/wp-content\/uploads\/2021\/04\/main-one-556x312.jpeg 556w, https:\/\/elnorswiss.ch\/wp-content\/uploads\/2021\/04\/main-one-325x182.jpeg 325w, https:\/\/elnorswiss.ch\/wp-content\/uploads\/2021\/04\/main-one.jpeg 1926w\" sizes=\"(max-width: 1024px) 100vw, 1024px\" \/><\/figure>\n<\/div>\n<\/div>\n","protected":false},"excerpt":{"rendered":"<p>Unser Engagement und unsere Tradition haben voll und ganz dazu beigetragen, in relativ kurzer Zeit den gew\u00fcnschten Erfolg zu erzielen.<span>Read more<\/span><\/p>\n","protected":false},"author":1,"featured_media":194,"parent":0,"menu_order":0,"comment_status":"closed","ping_status":"closed","template":"template-about.php","meta":[],"_links":{"self":[{"href":"https:\/\/elnorswiss.ch\/de\/wp-json\/wp\/v2\/pages\/193"}],"collection":[{"href":"https:\/\/elnorswiss.ch\/de\/wp-json\/wp\/v2\/pages"}],"about":[{"href":"https:\/\/elnorswiss.ch\/de\/wp-json\/wp\/v2\/types\/page"}],"author":[{"embeddable":true,"href":"https:\/\/elnorswiss.ch\/de\/wp-json\/wp\/v2\/users\/1"}],"replies":[{"embeddable":true,"href":"https:\/\/elnorswiss.ch\/de\/wp-json\/wp\/v2\/comments?post=193"}],"version-history":[{"count":0,"href":"https:\/\/elnorswiss.ch\/de\/wp-json\/wp\/v2\/pages\/193\/revisions"}],"wp:featuredmedia":[{"embeddable":true,"href":"https:\/\/elnorswiss.ch\/de\/wp-json\/wp\/v2\/media\/194"}],"wp:attachment":[{"href":"https:\/\/elnorswiss.ch\/de\/wp-json\/wp\/v2\/media?parent=193"}],"curies":[{"name":"wp","href":"https:\/\/api.w.org\/{rel}","templated":true}]}}